{"id":15,"date":"2026-04-14T09:00:21","date_gmt":"2026-04-14T09:00:21","guid":{"rendered":"https:\/\/raddasollefteasjukhus.se\/?page_id=15"},"modified":"2026-04-14T09:00:21","modified_gmt":"2026-04-14T09:00:21","slug":"underhallssida","status":"publish","type":"page","link":"https:\/\/raddasollefteasjukhus.se\/index.php\/underhallssida\/","title":{"rendered":"Underh\u00e5llssida"},"content":{"rendered":"<div  class='flex_column av-av_one_full-cc1bc2b7b788d4607c00cc33239ff0cf av_one_full  avia-builder-el-0  avia-builder-el-no-sibling  first flex_column_div  '     ><section  class='av_textblock_section av-mnye5cfb-67f1bd42b0712e16244a7cb80cacf73e '   itemscope=\"itemscope\" itemtype=\"https:\/\/schema.org\/CreativeWork\" ><div class='avia_textblock'  itemprop=\"text\" ><p>Sidan \u00e4r i underh\u00e5llsl\u00e4ge.<\/p>\n<\/div><\/section><\/div>\n","protected":false},"excerpt":{"rendered":"","protected":false},"author":1,"featured_media":0,"parent":0,"menu_order":0,"comment_status":"closed","ping_status":"closed","template":"","meta":{"footnotes":""},"class_list":["post-15","page","type-page","status-publish","hentry"],"yoast_head":"<!-- This site is optimized with the Yoast SEO plugin v27.4 - https:\/\/yoast.com\/product\/yoast-seo-wordpress\/ -->\n<title>Underh\u00e5llssida - R\u00e4dda Sollefte\u00e5 sjukhus<\/title>\n<meta name=\"robots\" content=\"index, follow, max-snippet:-1, max-image-preview:large, max-video-preview:-1\" \/>\n<link rel=\"canonical\" href=\"https:\/\/raddasollefteasjukhus.se\/index.php\/underhallssida\/\" \/>\n<meta property=\"og:locale\" content=\"sv_SE\" \/>\n<meta property=\"og:type\" content=\"article\" \/>\n<meta property=\"og:title\" content=\"Underh\u00e5llssida - R\u00e4dda Sollefte\u00e5 sjukhus\" \/>\n<meta property=\"og:url\" content=\"https:\/\/raddasollefteasjukhus.se\/index.php\/underhallssida\/\" \/>\n<meta property=\"og:site_name\" content=\"R\u00e4dda Sollefte\u00e5 sjukhus\" \/>\n<meta name=\"twitter:card\" content=\"summary_large_image\" \/>\n<meta name=\"twitter:label1\" content=\"Ber\u00e4knad l\u00e4stid\" \/>\n\t<meta name=\"twitter:data1\" content=\"1 minut\" \/>\n<script type=\"application\/ld+json\" class=\"yoast-schema-graph\">{\"@context\":\"https:\\\/\\\/schema.org\",\"@graph\":[{\"@type\":\"WebPage\",\"@id\":\"https:\\\/\\\/raddasollefteasjukhus.se\\\/index.php\\\/underhallssida\\\/\",\"url\":\"https:\\\/\\\/raddasollefteasjukhus.se\\\/index.php\\\/underhallssida\\\/\",\"name\":\"Underh\u00e5llssida - R\u00e4dda Sollefte\u00e5 sjukhus\",\"isPartOf\":{\"@id\":\"https:\\\/\\\/raddasollefteasjukhus.se\\\/#website\"},\"datePublished\":\"2026-04-14T09:00:21+00:00\",\"breadcrumb\":{\"@id\":\"https:\\\/\\\/raddasollefteasjukhus.se\\\/index.php\\\/underhallssida\\\/#breadcrumb\"},\"inLanguage\":\"sv-SE\",\"potentialAction\":[{\"@type\":\"ReadAction\",\"target\":[\"https:\\\/\\\/raddasollefteasjukhus.se\\\/index.php\\\/underhallssida\\\/\"]}]},{\"@type\":\"BreadcrumbList\",\"@id\":\"https:\\\/\\\/raddasollefteasjukhus.se\\\/index.php\\\/underhallssida\\\/#breadcrumb\",\"itemListElement\":[{\"@type\":\"ListItem\",\"position\":1,\"name\":\"Hem\",\"item\":\"https:\\\/\\\/raddasollefteasjukhus.se\\\/index.php\\\/sample-page\\\/\"},{\"@type\":\"ListItem\",\"position\":2,\"name\":\"Underh\u00e5llssida\"}]},{\"@type\":\"WebSite\",\"@id\":\"https:\\\/\\\/raddasollefteasjukhus.se\\\/#website\",\"url\":\"https:\\\/\\\/raddasollefteasjukhus.se\\\/\",\"name\":\"R\u00e4dda Sollefte\u00e5 sjukhus\",\"description\":\"\",\"potentialAction\":[{\"@type\":\"SearchAction\",\"target\":{\"@type\":\"EntryPoint\",\"urlTemplate\":\"https:\\\/\\\/raddasollefteasjukhus.se\\\/?s={search_term_string}\"},\"query-input\":{\"@type\":\"PropertyValueSpecification\",\"valueRequired\":true,\"valueName\":\"search_term_string\"}}],\"inLanguage\":\"sv-SE\"}]}<\/script>\n<!-- \/ Yoast SEO plugin. -->","yoast_head_json":{"title":"Underh\u00e5llssida - R\u00e4dda Sollefte\u00e5 sjukhus","robots":{"index":"index","follow":"follow","max-snippet":"max-snippet:-1","max-image-preview":"max-image-preview:large","max-video-preview":"max-video-preview:-1"},"canonical":"https:\/\/raddasollefteasjukhus.se\/index.php\/underhallssida\/","og_locale":"sv_SE","og_type":"article","og_title":"Underh\u00e5llssida - R\u00e4dda Sollefte\u00e5 sjukhus","og_url":"https:\/\/raddasollefteasjukhus.se\/index.php\/underhallssida\/","og_site_name":"R\u00e4dda Sollefte\u00e5 sjukhus","twitter_card":"summary_large_image","twitter_misc":{"Ber\u00e4knad l\u00e4stid":"1 minut"},"schema":{"@context":"https:\/\/schema.org","@graph":[{"@type":"WebPage","@id":"https:\/\/raddasollefteasjukhus.se\/index.php\/underhallssida\/","url":"https:\/\/raddasollefteasjukhus.se\/index.php\/underhallssida\/","name":"Underh\u00e5llssida - R\u00e4dda Sollefte\u00e5 sjukhus","isPartOf":{"@id":"https:\/\/raddasollefteasjukhus.se\/#website"},"datePublished":"2026-04-14T09:00:21+00:00","breadcrumb":{"@id":"https:\/\/raddasollefteasjukhus.se\/index.php\/underhallssida\/#breadcrumb"},"inLanguage":"sv-SE","potentialAction":[{"@type":"ReadAction","target":["https:\/\/raddasollefteasjukhus.se\/index.php\/underhallssida\/"]}]},{"@type":"BreadcrumbList","@id":"https:\/\/raddasollefteasjukhus.se\/index.php\/underhallssida\/#breadcrumb","itemListElement":[{"@type":"ListItem","position":1,"name":"Hem","item":"https:\/\/raddasollefteasjukhus.se\/index.php\/sample-page\/"},{"@type":"ListItem","position":2,"name":"Underh\u00e5llssida"}]},{"@type":"WebSite","@id":"https:\/\/raddasollefteasjukhus.se\/#website","url":"https:\/\/raddasollefteasjukhus.se\/","name":"R\u00e4dda Sollefte\u00e5 sjukhus","description":"","potentialAction":[{"@type":"SearchAction","target":{"@type":"EntryPoint","urlTemplate":"https:\/\/raddasollefteasjukhus.se\/?s={search_term_string}"},"query-input":{"@type":"PropertyValueSpecification","valueRequired":true,"valueName":"search_term_string"}}],"inLanguage":"sv-SE"}]}},"_links":{"self":[{"href":"https:\/\/raddasollefteasjukhus.se\/index.php\/wp-json\/wp\/v2\/pages\/15","targetHints":{"allow":["GET"]}}],"collection":[{"href":"https:\/\/raddasollefteasjukhus.se\/index.php\/wp-json\/wp\/v2\/pages"}],"about":[{"href":"https:\/\/raddasollefteasjukhus.se\/index.php\/wp-json\/wp\/v2\/types\/page"}],"author":[{"embeddable":true,"href":"https:\/\/raddasollefteasjukhus.se\/index.php\/wp-json\/wp\/v2\/users\/1"}],"replies":[{"embeddable":true,"href":"https:\/\/raddasollefteasjukhus.se\/index.php\/wp-json\/wp\/v2\/comments?post=15"}],"version-history":[{"count":1,"href":"https:\/\/raddasollefteasjukhus.se\/index.php\/wp-json\/wp\/v2\/pages\/15\/revisions"}],"predecessor-version":[{"id":17,"href":"https:\/\/raddasollefteasjukhus.se\/index.php\/wp-json\/wp\/v2\/pages\/15\/revisions\/17"}],"wp:attachment":[{"href":"https:\/\/raddasollefteasjukhus.se\/index.php\/wp-json\/wp\/v2\/media?parent=15"}],"curies":[{"name":"wp","href":"https:\/\/api.w.org\/{rel}","templated":true}]}}